{"id":1130,"date":"2023-03-29T15:11:27","date_gmt":"2023-03-29T15:11:27","guid":{"rendered":"http:\/\/ottomood.it\/house\/la-struttura-copy-2\/"},"modified":"2023-08-07T11:17:10","modified_gmt":"2023-08-07T11:17:10","slug":"intorno-a-noi","status":"publish","type":"page","link":"https:\/\/ottomood.it\/house\/intorno-a-noi\/","title":{"rendered":"Intorno a noi"},"content":{"rendered":"\t\t<div data-elementor-type=\"wp-post\" data-elementor-id=\"1130\" class=\"elementor elementor-1130\">\n\t\t\t\t\t\t\t\t\t<section class=\"elementor-section elementor-top-section elementor-element elementor-element-51c6fc3 elementor-section-height-min-height elementor-section-boxed elementor-section-height-default elementor-section-items-middle\" data-id=\"51c6fc3\" data-element_type=\"section\" data-settings=\"{&quot;jet_parallax_layout_list&quot;:[{&quot;jet_parallax_layout_image&quot;:{&quot;url&quot;:&quot;&quot;,&quot;id&quot;:&quot;&quot;},&quot;_id&quot;:&quot;83b6e85&quot;,&quot;jet_parallax_layout_speed&quot;:{&quot;unit&quot;:&quot;%&quot;,&quot;size&quot;:&quot;50&quot;,&quot;sizes&quot;:[]},&quot;jet_parallax_layout_bg_x&quot;:&quot;50&quot;,&quot;jet_parallax_layout_bg_y&quot;:&quot;50&quot;,&quot;jet_parallax_layout_image_tablet&quot;:{&quot;url&quot;:&quot;&quot;,&quot;id&quot;:&quot;&quot;},&quot;jet_parallax_layout_image_mobile&quot;:{&quot;url&quot;:&quot;&quot;,&quot;id&quot;:&quot;&quot;},&quot;jet_parallax_layout_type&quot;:&quot;scroll&quot;,&quot;jet_parallax_layout_direction&quot;:null,&quot;jet_parallax_layout_fx_direction&quot;:null,&quot;jet_parallax_layout_z_index&quot;:&quot;&quot;,&quot;jet_parallax_layout_bg_x_tablet&quot;:&quot;&quot;,&quot;jet_parallax_layout_bg_x_mobile&quot;:&quot;&quot;,&quot;jet_parallax_layout_bg_y_tablet&quot;:&quot;&quot;,&quot;jet_parallax_layout_bg_y_mobile&quot;:&quot;&quot;,&quot;jet_parallax_layout_bg_size&quot;:&quot;auto&quot;,&quot;jet_parallax_layout_bg_size_tablet&quot;:&quot;&quot;,&quot;jet_parallax_layout_bg_size_mobile&quot;:&quot;&quot;,&quot;jet_parallax_layout_animation_prop&quot;:&quot;transform&quot;,&quot;jet_parallax_layout_on&quot;:[&quot;desktop&quot;,&quot;tablet&quot;]}],&quot;background_background&quot;:&quot;classic&quot;}\">\n\t\t\t\t\t\t\t<div class=\"elementor-background-overlay\"><\/div>\n\t\t\t\t\t\t\t<div class=\"elementor-container elementor-column-gap-default\">\n\t\t\t\t\t<div class=\"elementor-column elementor-col-100 elementor-top-column elementor-element elementor-element-1d92192\" data-id=\"1d92192\" data-element_type=\"column\">\n\t\t\t<div class=\"elementor-widget-wrap\">\n\t\t\t\t\t\t\t\t\t<\/div>\n\t\t<\/div>\n\t\t\t\t\t\t\t<\/div>\n\t\t<\/section>\n\t\t\t\t<section class=\"elementor-section elementor-top-section elementor-element elementor-element-e8cb6d7 elementor-section-boxed elementor-section-height-default elementor-section-height-default\" data-id=\"e8cb6d7\" data-element_type=\"section\" data-settings=\"{&quot;jet_parallax_layout_list&quot;:[{&quot;jet_parallax_layout_image&quot;:{&quot;url&quot;:&quot;&quot;,&quot;id&quot;:&quot;&quot;},&quot;_id&quot;:&quot;225207e&quot;,&quot;jet_parallax_layout_speed&quot;:{&quot;unit&quot;:&quot;%&quot;,&quot;size&quot;:&quot;50&quot;,&quot;sizes&quot;:[]},&quot;jet_parallax_layout_bg_x&quot;:&quot;50&quot;,&quot;jet_parallax_layout_bg_y&quot;:&quot;50&quot;,&quot;jet_parallax_layout_image_tablet&quot;:{&quot;url&quot;:&quot;&quot;,&quot;id&quot;:&quot;&quot;},&quot;jet_parallax_layout_image_mobile&quot;:{&quot;url&quot;:&quot;&quot;,&quot;id&quot;:&quot;&quot;},&quot;jet_parallax_layout_type&quot;:&quot;scroll&quot;,&quot;jet_parallax_layout_direction&quot;:null,&quot;jet_parallax_layout_fx_direction&quot;:null,&quot;jet_parallax_layout_z_index&quot;:&quot;&quot;,&quot;jet_parallax_layout_bg_x_tablet&quot;:&quot;&quot;,&quot;jet_parallax_layout_bg_x_mobile&quot;:&quot;&quot;,&quot;jet_parallax_layout_bg_y_tablet&quot;:&quot;&quot;,&quot;jet_parallax_layout_bg_y_mobile&quot;:&quot;&quot;,&quot;jet_parallax_layout_bg_size&quot;:&quot;auto&quot;,&quot;jet_parallax_layout_bg_size_tablet&quot;:&quot;&quot;,&quot;jet_parallax_layout_bg_size_mobile&quot;:&quot;&quot;,&quot;jet_parallax_layout_animation_prop&quot;:&quot;transform&quot;,&quot;jet_parallax_layout_on&quot;:[&quot;desktop&quot;,&quot;tablet&quot;]}]}\">\n\t\t\t\t\t\t<div class=\"elementor-container elementor-column-gap-default\">\n\t\t\t\t\t<div class=\"elementor-column elementor-col-100 elementor-top-column elementor-element elementor-element-a894aed\" data-id=\"a894aed\" data-element_type=\"column\">\n\t\t\t<div class=\"elementor-widget-wrap elementor-element-populated\">\n\t\t\t\t\t\t\t\t<div class=\"elementor-element elementor-element-4b3bf16 elementor-invisible elementor-widget elementor-widget-heading\" data-id=\"4b3bf16\" data-element_type=\"widget\" data-settings=\"{&quot;_animation&quot;:&quot;fadeIn&quot;}\" data-widget_type=\"heading.default\">\n\t\t\t\t<div class=\"elementor-widget-container\">\n\t\t\t<style>\/*! elementor - v3.10.1 - 17-01-2023 *\/\n.elementor-heading-title{padding:0;margin:0;line-height:1}.elementor-widget-heading .elementor-heading-title[class*=elementor-size-]>a{color:inherit;font-size:inherit;line-height:inherit}.elementor-widget-heading .elementor-heading-title.elementor-size-small{font-size:15px}.elementor-widget-heading .elementor-heading-title.elementor-size-medium{font-size:19px}.elementor-widget-heading .elementor-heading-title.elementor-size-large{font-size:29px}.elementor-widget-heading .elementor-heading-title.elementor-size-xl{font-size:39px}.elementor-widget-heading .elementor-heading-title.elementor-size-xxl{font-size:59px}<\/style><h1 class=\"elementor-heading-title elementor-size-default\">INTORNO A NOI\n<\/h1>\t\t<\/div>\n\t\t\t\t<\/div>\n\t\t\t\t<div class=\"elementor-element elementor-element-e181283 elementor-widget elementor-widget-text-editor\" data-id=\"e181283\" data-element_type=\"widget\" data-widget_type=\"text-editor.default\">\n\t\t\t\t<div class=\"elementor-widget-container\">\n\t\t\t<style>\/*! elementor - v3.10.1 - 17-01-2023 *\/\n.elementor-widget-text-editor.elementor-drop-cap-view-stacked .elementor-drop-cap{background-color:#818a91;color:#fff}.elementor-widget-text-editor.elementor-drop-cap-view-framed .elementor-drop-cap{color:#818a91;border:3px solid;background-color:transparent}.elementor-widget-text-editor:not(.elementor-drop-cap-view-default) .elementor-drop-cap{margin-top:8px}.elementor-widget-text-editor:not(.elementor-drop-cap-view-default) .elementor-drop-cap-letter{width:1em;height:1em}.elementor-widget-text-editor .elementor-drop-cap{float:left;text-align:center;line-height:1;font-size:50px}.elementor-widget-text-editor .elementor-drop-cap-letter{display:inline-block}<\/style>\t\t\t\t<p>Ottomood House Catania ha una posizione meravigliosa per muoversi e vivere anche a piedi il centro storico catanese. Sono estremamente ben collegati: a pochi passi dalla fermata dell\u2019Alibus, il bus che collega il centro storico con l\u2019Aereoporto di Catania e alle fermate dei mezzi pubblici meglio collegate della citt\u00e0 che consentono di raggiungere pure le spiagge. La zona \u00e8 ricca di ristoranti, monumenti, teatri e servizi e inoltre attraversando la strada troverete il polmone verde della citt\u00e0, il Giardino Bellini, ideale per chi ama fare sport all\u2019aperto, per far giocare i bambini nelle aree attrezzate e per chi vuole rilassarsi sotto le fronde dei ficus secolari.<\/p>\t\t\t\t\t\t<\/div>\n\t\t\t\t<\/div>\n\t\t\t\t\t<\/div>\n\t\t<\/div>\n\t\t\t\t\t\t\t<\/div>\n\t\t<\/section>\n\t\t\t\t<section class=\"elementor-section elementor-top-section elementor-element elementor-element-2e646d9 elementor-section-boxed elementor-section-height-default elementor-section-height-default\" data-id=\"2e646d9\" data-element_type=\"section\" data-settings=\"{&quot;jet_parallax_layout_list&quot;:[{&quot;jet_parallax_layout_image&quot;:{&quot;url&quot;:&quot;&quot;,&quot;id&quot;:&quot;&quot;},&quot;_id&quot;:&quot;bfb680a&quot;,&quot;jet_parallax_layout_speed&quot;:{&quot;unit&quot;:&quot;%&quot;,&quot;size&quot;:&quot;50&quot;,&quot;sizes&quot;:[]},&quot;jet_parallax_layout_bg_x&quot;:&quot;50&quot;,&quot;jet_parallax_layout_bg_y&quot;:&quot;50&quot;,&quot;jet_parallax_layout_image_tablet&quot;:{&quot;url&quot;:&quot;&quot;,&quot;id&quot;:&quot;&quot;},&quot;jet_parallax_layout_image_mobile&quot;:{&quot;url&quot;:&quot;&quot;,&quot;id&quot;:&quot;&quot;},&quot;jet_parallax_layout_type&quot;:&quot;scroll&quot;,&quot;jet_parallax_layout_direction&quot;:null,&quot;jet_parallax_layout_fx_direction&quot;:null,&quot;jet_parallax_layout_z_index&quot;:&quot;&quot;,&quot;jet_parallax_layout_bg_x_tablet&quot;:&quot;&quot;,&quot;jet_parallax_layout_bg_x_mobile&quot;:&quot;&quot;,&quot;jet_parallax_layout_bg_y_tablet&quot;:&quot;&quot;,&quot;jet_parallax_layout_bg_y_mobile&quot;:&quot;&quot;,&quot;jet_parallax_layout_bg_size&quot;:&quot;auto&quot;,&quot;jet_parallax_layout_bg_size_tablet&quot;:&quot;&quot;,&quot;jet_parallax_layout_bg_size_mobile&quot;:&quot;&quot;,&quot;jet_parallax_layout_animation_prop&quot;:&quot;transform&quot;,&quot;jet_parallax_layout_on&quot;:[&quot;desktop&quot;,&quot;tablet&quot;]}]}\">\n\t\t\t\t\t\t<div class=\"elementor-container elementor-column-gap-default\">\n\t\t\t\t\t<div class=\"elementor-column elementor-col-100 elementor-top-column elementor-element elementor-element-f5f94c9\" data-id=\"f5f94c9\" data-element_type=\"column\">\n\t\t\t<div class=\"elementor-widget-wrap elementor-element-populated\">\n\t\t\t\t\t\t\t\t<section class=\"elementor-section elementor-inner-section elementor-element elementor-element-70baf8d elementor-section-boxed elementor-section-height-default elementor-section-height-default\" data-id=\"70baf8d\" data-element_type=\"section\" data-settings=\"{&quot;jet_parallax_layout_list&quot;:[]}\">\n\t\t\t\t\t\t<div class=\"elementor-container elementor-column-gap-default\">\n\t\t\t\t\t<div class=\"elementor-column elementor-col-25 elementor-inner-column elementor-element elementor-element-2a867ef\" data-id=\"2a867ef\" data-element_type=\"column\">\n\t\t\t<div class=\"elementor-widget-wrap elementor-element-populated\">\n\t\t\t\t\t\t\t\t<div class=\"elementor-element elementor-element-69cc692 elementor-widget elementor-widget-image\" data-id=\"69cc692\" data-element_type=\"widget\" data-widget_type=\"image.default\">\n\t\t\t\t<div class=\"elementor-widget-container\">\n\t\t\t<style>\/*! elementor - v3.10.1 - 17-01-2023 *\/\n.elementor-widget-image{text-align:center}.elementor-widget-image a{display:inline-block}.elementor-widget-image a img[src$=\".svg\"]{width:48px}.elementor-widget-image img{vertical-align:middle;display:inline-block}<\/style>\t\t\t\t\t\t\t\t\t\t\t\t<img decoding=\"async\" width=\"845\" height=\"650\" src=\"https:\/\/ottomood.it\/house\/wp-content\/uploads\/2023\/03\/etna.jpg\" class=\"attachment-large size-large wp-image-1147\" alt=\"\" loading=\"lazy\" srcset=\"https:\/\/ottomood.it\/house\/wp-content\/uploads\/2023\/03\/etna.jpg 845w, https:\/\/ottomood.it\/house\/wp-content\/uploads\/2023\/03\/etna-300x231.jpg 300w, https:\/\/ottomood.it\/house\/wp-content\/uploads\/2023\/03\/etna-768x591.jpg 768w\" sizes=\"(max-width: 845px) 100vw, 845px\" \/>\t\t\t\t\t\t\t\t\t\t\t\t\t\t\t<\/div>\n\t\t\t\t<\/div>\n\t\t\t\t\t<\/div>\n\t\t<\/div>\n\t\t\t\t<div class=\"elementor-column elementor-col-25 elementor-inner-column elementor-element elementor-element-876bd01\" data-id=\"876bd01\" data-element_type=\"column\">\n\t\t\t<div class=\"elementor-widget-wrap elementor-element-populated\">\n\t\t\t\t\t\t\t\t<div class=\"elementor-element elementor-element-17c3bb4 elementor-widget elementor-widget-image\" data-id=\"17c3bb4\" data-element_type=\"widget\" data-widget_type=\"image.default\">\n\t\t\t\t<div class=\"elementor-widget-container\">\n\t\t\t\t\t\t\t\t\t\t\t\t\t\t\t<img decoding=\"async\" width=\"845\" height=\"650\" src=\"https:\/\/ottomood.it\/house\/wp-content\/uploads\/2023\/03\/catania.jpg\" class=\"attachment-large size-large wp-image-1146\" alt=\"\" loading=\"lazy\" srcset=\"https:\/\/ottomood.it\/house\/wp-content\/uploads\/2023\/03\/catania.jpg 845w, https:\/\/ottomood.it\/house\/wp-content\/uploads\/2023\/03\/catania-300x231.jpg 300w, https:\/\/ottomood.it\/house\/wp-content\/uploads\/2023\/03\/catania-768x591.jpg 768w\" sizes=\"(max-width: 845px) 100vw, 845px\" \/>\t\t\t\t\t\t\t\t\t\t\t\t\t\t\t<\/div>\n\t\t\t\t<\/div>\n\t\t\t\t\t<\/div>\n\t\t<\/div>\n\t\t\t\t<div class=\"elementor-column elementor-col-25 elementor-inner-column elementor-element elementor-element-982b29c\" data-id=\"982b29c\" data-element_type=\"column\">\n\t\t\t<div class=\"elementor-widget-wrap elementor-element-populated\">\n\t\t\t\t\t\t\t\t<div class=\"elementor-element elementor-element-9fd1b30 elementor-widget elementor-widget-image\" data-id=\"9fd1b30\" data-element_type=\"widget\" data-widget_type=\"image.default\">\n\t\t\t\t<div class=\"elementor-widget-container\">\n\t\t\t\t\t\t\t\t\t\t\t\t\t\t\t<img decoding=\"async\" width=\"845\" height=\"650\" src=\"https:\/\/ottomood.it\/house\/wp-content\/uploads\/2023\/03\/taormina.jpg\" class=\"attachment-large size-large wp-image-1148\" alt=\"\" loading=\"lazy\" srcset=\"https:\/\/ottomood.it\/house\/wp-content\/uploads\/2023\/03\/taormina.jpg 845w, https:\/\/ottomood.it\/house\/wp-content\/uploads\/2023\/03\/taormina-300x231.jpg 300w, https:\/\/ottomood.it\/house\/wp-content\/uploads\/2023\/03\/taormina-768x591.jpg 768w\" sizes=\"(max-width: 845px) 100vw, 845px\" \/>\t\t\t\t\t\t\t\t\t\t\t\t\t\t\t<\/div>\n\t\t\t\t<\/div>\n\t\t\t\t\t<\/div>\n\t\t<\/div>\n\t\t\t\t<div class=\"elementor-column elementor-col-25 elementor-inner-column elementor-element elementor-element-6abbfa5\" data-id=\"6abbfa5\" data-element_type=\"column\">\n\t\t\t<div class=\"elementor-widget-wrap elementor-element-populated\">\n\t\t\t\t\t\t\t\t<div class=\"elementor-element elementor-element-bd96b85 elementor-widget elementor-widget-image\" data-id=\"bd96b85\" data-element_type=\"widget\" data-widget_type=\"image.default\">\n\t\t\t\t<div class=\"elementor-widget-container\">\n\t\t\t\t\t\t\t\t\t\t\t\t\t\t\t<img decoding=\"async\" width=\"845\" height=\"650\" src=\"https:\/\/ottomood.it\/house\/wp-content\/uploads\/2023\/03\/alcantara.jpg\" class=\"attachment-large size-large wp-image-1145\" alt=\"\" loading=\"lazy\" srcset=\"https:\/\/ottomood.it\/house\/wp-content\/uploads\/2023\/03\/alcantara.jpg 845w, https:\/\/ottomood.it\/house\/wp-content\/uploads\/2023\/03\/alcantara-300x231.jpg 300w, https:\/\/ottomood.it\/house\/wp-content\/uploads\/2023\/03\/alcantara-768x591.jpg 768w\" sizes=\"(max-width: 845px) 100vw, 845px\" \/>\t\t\t\t\t\t\t\t\t\t\t\t\t\t\t<\/div>\n\t\t\t\t<\/div>\n\t\t\t\t\t<\/div>\n\t\t<\/div>\n\t\t\t\t\t\t\t<\/div>\n\t\t<\/section>\n\t\t\t\t<div class=\"elementor-element elementor-element-8c72843 elementor-invisible elementor-widget elementor-widget-text-editor\" data-id=\"8c72843\" data-element_type=\"widget\" data-settings=\"{&quot;_animation&quot;:&quot;fadeIn&quot;,&quot;_animation_delay&quot;:&quot;300&quot;}\" data-widget_type=\"text-editor.default\">\n\t\t\t\t<div class=\"elementor-widget-container\">\n\t\t\t\t\t\t\t<p><strong>Etna e Valle del Bove (20 min in auto):<\/strong>\u00a0la pi\u00f9 grande meraviglia naturale il vulcano attivo pi\u00f9 alto d\u2019Europa, montagna sacra su cui si raccontano tante leggende e dei miti. Considerate di impiegare una jeep, o effettuare una escursione organizzata per visitare le parti pi\u00f9 alte, che sono coperte di neve per quattro mesi dell\u2019anno. Copritevi bene anche in estate; \u00e8 sempre fresco ad alta quota.<\/p><p><strong>Centro Storico di Catania (15 min in auto):<\/strong>\u00a0il centro storico di Catania \u00e8 relativamente piccolo, ma c\u2019\u00e8 molto da vedere e da fare: musei, palazzi barocchi, teatri e giardini. Catania \u00e8 una citt\u00e0 viva, interessante affascinante (anche e soprattutto di notte).<\/p><p><strong>Paesi dell\u2019Etna, e museo vulcanologico (12 min in auto):<\/strong>\u00a0Nicolosi \u00e8 un piccolo villaggio ai piedi dei Monti Rossi (due bellissimi crateri spenti dell\u2019Etna, che oggi sono ricchi di vegetazione) dove ci sono due musei: il Museo Vulcanologico e Il Museo del contadino: il primo raccoglie del materiale lavico, foto e illustrazioni sulle eruzioni dell\u2019Etna e sulle attivit\u00e0 vulcanologiche; il secondo invece ospita una bella ricostruzione, della umile vita condotta dai contadini siciliani fino a non troppo tempo fa.<\/p><p><strong>Acitrezza, Aci Castello e la Riviera dei Ciclopi (30 min in auto):<\/strong>\u00a0Qualche anno fa c\u2019erano solo villaggi abitati da pescatori, oggi questi paesini sono diventati meta di villeggiatura estiva. Ci sono spiagge attrezzate, ristoranti e bar. La costa deve il suo nome ad una leggenda omerica, secondo la quale le imponenti rocce nere che emergono dal mare &#8211; grandi blocchi di lava solidificata &#8211; sarebbero state gettate dal ciclope accecato, Polifemo, in un disperato tentativo di colpire Ulisse nella sua fuga.<\/p><p><strong>Parco Fluviale dell\u2019Alcantara (50 min in auto):<\/strong>\u00a0dove potrete scoprire i pi\u00f9 bei canyon di lava del mondo con alte mura di basalto (circa 50 metri di altezza), attraversata dal fiume Alcantara.<\/p><p><strong>Etna Avventura &#8211; Serra La Nave (35 min in auto):<\/strong>\u00a0Ha una serie di percorsi tra gli alberi, posti a diverse altezze da terra e differenziati per difficolt\u00e0 crescente e sforzo fisico. I corsi consistono in una serie di piattaforme intervallate da ponti tibetani, ponti cinesi, viti, passerelle di vario genere e tirolesi; In questo modo tutti, giovani e meno giovani, potranno testare il loro coraggio e la loro abilit\u00e0 in tutta sicurezza.<\/p><p><strong>Parco Avventura Etna &#8211; Milo (40 min in auto):<\/strong>\u00a0si trova all\u2019interno del Parco Scarbaglio di Milo. percorsi di acrobazie per bambini e adulti, bar, area pic-nic con barbecue. Trekking e canyoning.<\/p><p><strong>Piazza Armerina: (1 h e 15 in auto):<\/strong>\u00a0La villa romana, Villa Romana del Casale, \u00e8 uno dei must-see tra le attrazioni dell\u2019isola, dispone di una delle pi\u00f9 grandi e meglio conservate collezione di mosaici antichi del mondo. Ognuna delle principali sale della villa ha un pavimento a mosaico decorato con un tema specifico, tra cui un mosaico edonistica nella camera da letto principale. Il mosaico raffigurante i giochi olimpici \u00e8 il pi\u00f9 famoso in quanto dispone la prima immagine di donne che indossano i primi topless.<\/p><p><strong>Siracusa (50 min in auto):<\/strong>\u00a0un tempo era considerata la citt\u00e0 pi\u00f9 importante del mondo antico occidentale. La citt\u00e0 di 2.700 anni, \u00e8 menzionata nella Bibbia, negli scritti di Cicerone e nei miti e nelle leggende di molte civilt\u00e0. La parte pi\u00f9 antica di Siracusa si trova in mare aperto sull\u2019isola di Ortigia ed \u00e8 pieno di templi storici, chiese e importanti siti archeologici, tra cui una necropoli che risale al 1270 a.C.<\/p><p><strong>Taormina (45 min in auto):<\/strong>\u00a0Arroccato su una scogliera nei pressi di Monte Etna sulla costa orientale dell\u2019isola, Taormina \u00e8 stata a lungo un luogo popolare per visitare in Sicilia. Ci sono delle bellissime spiagge come quella di Isola bella che si possono raggiungere attraverso la Funivia. Il Teatro Greco \u00e8 l\u2019attrazione pi\u00f9 popolare di Taormina che ha come sfondo il vulcano Etna.<\/p><p><strong>Acireale e villaggi di pescatori (20 min in auto):<\/strong>\u00a0Acireale \u00e8 una citt\u00e0 barocca, con molti dei suoi pi\u00f9 grandi tesori del 17\u00b0 secolo. Sul lato della costa sono presenti diverse borgate marinare molto pittoresche con paesaggi naturali di incredibile bellezza.<\/p><p><strong>Etnaland (30 minuti in auto):<\/strong>\u00a0il pi\u00f9 grande parco di divertimenti del Sud Italia. Parco a tema, parco acquatico, e Parco dei Dinosauri, tutto in uno. Ha una funivia sospesa, laser show e acquascivoli, rapide, giostre di ogni genere. C\u2019\u00e8 molto da vedere e da fare, e ci sono un sacco di posti per mangiare.<\/p><p><strong>Centri commerciali:<\/strong>\u00a0Ci sono diversi centri commerciali intorno ad OttoMood come Ikea, Decathlon, il centro commerciale le Ginestre, Centro Commerciale Le Zagare e i Portali, Centro Sicilia, le Porte.<\/p><p><strong>Sicilia Outlet Village (50 min in auto):<\/strong>\u00a0\u00e8 un grande outlet, un centro commerciale specializzato nella vendita al dettaglio di prodotti di marche famose, invenduti, o usciti dal catalogo pi\u00f9 recente del produttore, una vera e propria cittadella dello shopping in cui le case produttrici allestiscono punti vendita per smaltire la produzione delle passate stagioni, o i capi di seconda scelta, che vengono venduti a prezzi dimezzati rispetto a quello indicato in cartellino: attrattiva non indifferente.<\/p>\t\t\t\t\t\t<\/div>\n\t\t\t\t<\/div>\n\t\t\t\t\t<\/div>\n\t\t<\/div>\n\t\t\t\t\t\t\t<\/div>\n\t\t<\/section>\n\t\t\t\t\t\t\t<\/div>\n\t\t","protected":false},"excerpt":{"rendered":"<p>INTORNO A NOI Ottomood House Catania ha una posizione meravigliosa per muoversi e vivere anche a piedi il centro storico catanese. Sono estremamente ben collegati: a pochi passi dalla fermata dell\u2019Alibus, il bus che collega il centro storico con l\u2019Aereoporto di Catania e alle fermate dei mezzi pubblici meglio collegate della citt\u00e0 che consentono di [&hellip;]<\/p>\n","protected":false},"author":1,"featured_media":0,"parent":0,"menu_order":0,"comment_status":"closed","ping_status":"closed","template":"full-width.php","meta":[],"acf":[],"_links":{"self":[{"href":"https:\/\/ottomood.it\/house\/wp-json\/wp\/v2\/pages\/1130"}],"collection":[{"href":"https:\/\/ottomood.it\/house\/wp-json\/wp\/v2\/pages"}],"about":[{"href":"https:\/\/ottomood.it\/house\/wp-json\/wp\/v2\/types\/page"}],"author":[{"embeddable":true,"href":"https:\/\/ottomood.it\/house\/wp-json\/wp\/v2\/users\/1"}],"replies":[{"embeddable":true,"href":"https:\/\/ottomood.it\/house\/wp-json\/wp\/v2\/comments?post=1130"}],"version-history":[{"count":34,"href":"https:\/\/ottomood.it\/house\/wp-json\/wp\/v2\/pages\/1130\/revisions"}],"predecessor-version":[{"id":2049,"href":"https:\/\/ottomood.it\/house\/wp-json\/wp\/v2\/pages\/1130\/revisions\/2049"}],"wp:attachment":[{"href":"https:\/\/ottomood.it\/house\/wp-json\/wp\/v2\/media?parent=1130"}],"curies":[{"name":"wp","href":"https:\/\/api.w.org\/{rel}","templated":true}]}}